{"id":21,"date":"2026-02-22T10:55:04","date_gmt":"2026-02-22T09:55:04","guid":{"rendered":"https:\/\/www.krasplastamg.sk\/?page_id=21"},"modified":"2026-02-22T10:55:04","modified_gmt":"2026-02-22T09:55:04","slug":"21-2","status":"publish","type":"page","link":"https:\/\/www.krasplastamg.sk\/","title":{"rendered":""},"content":{"rendered":"\n<figure class=\"wp-block-image size-large\"><img loading=\"lazy\" decoding=\"async\" width=\"1024\" height=\"189\" src=\"https:\/\/www.krasplastamg.sk\/wp-content\/uploads\/2026\/02\/KRASPLAST-AMG-LOGO-\u2013-orez-1024x189.jpg\" alt=\"\" class=\"wp-image-24\" srcset=\"https:\/\/www.krasplastamg.sk\/wp-content\/uploads\/2026\/02\/KRASPLAST-AMG-LOGO-\u2013-orez-1024x189.jpg 1024w, https:\/\/www.krasplastamg.sk\/wp-content\/uploads\/2026\/02\/KRASPLAST-AMG-LOGO-\u2013-orez-300x55.jpg 300w, https:\/\/www.krasplastamg.sk\/wp-content\/uploads\/2026\/02\/KRASPLAST-AMG-LOGO-\u2013-orez-768x142.jpg 768w, https:\/\/www.krasplastamg.sk\/wp-content\/uploads\/2026\/02\/KRASPLAST-AMG-LOGO-\u2013-orez.jpg 1513w\" sizes=\"auto, (max-width: 1024px) 100vw, 1024px\" \/><\/figure>\n\n\n\n<figure class=\"wp-block-image size-large\"><img loading=\"lazy\" decoding=\"async\" width=\"1024\" height=\"768\" src=\"https:\/\/www.krasplastamg.sk\/wp-content\/uploads\/2026\/02\/DSCN0640-2-1024x768.jpg\" alt=\"\" class=\"wp-image-23\" srcset=\"https:\/\/www.krasplastamg.sk\/wp-content\/uploads\/2026\/02\/DSCN0640-2-1024x768.jpg 1024w, https:\/\/www.krasplastamg.sk\/wp-content\/uploads\/2026\/02\/DSCN0640-2-300x225.jpg 300w, https:\/\/www.krasplastamg.sk\/wp-content\/uploads\/2026\/02\/DSCN0640-2-768x576.jpg 768w, https:\/\/www.krasplastamg.sk\/wp-content\/uploads\/2026\/02\/DSCN0640-2-1536x1152.jpg 1536w, https:\/\/www.krasplastamg.sk\/wp-content\/uploads\/2026\/02\/DSCN0640-2-2048x1536.jpg 2048w\" sizes=\"auto, (max-width: 1024px) 100vw, 1024px\" \/><\/figure>\n\n\n\n<ul class=\"wp-block-list\">\n<li>\u0160itie po\u0165ahov pre sedacie s\u00fapravy<\/li>\n\n\n\n<li>\u0160itie po\u0165ahov pre vlakov\u00e9 sedadl\u00e1<\/li>\n\n\n\n<li>\u0160itie interi\u00e9rov\u00fdch dielov pre automobilov\u00fd priemysel<\/li>\n\n\n\n<li>\u0160itie v\u00fdrobkov z\u00a0technick\u00fdch text\u00edli\u00ed pod\u013ea potreby z\u00e1kazn\u00edka<\/li>\n<\/ul>\n\n\n\n<hr class=\"wp-block-separator has-alpha-channel-opacity\"\/>\n\n\n\n<p class=\"has-text-align-left\">Sme rodinn\u00e1 firma s trad\u00edciou \u0161itia po\u0165ahov pre automobilov\u00fd priemysel v s\u00e9riovej v\u00fdrobe a\u00a0v\u00fdrobe n\u00e1hradn\u00fdch dielov. Sk\u00fasenosti, z\u00edskan\u00e9 25-ro\u010dnou spolupr\u00e1cou so svetov\u00fdm l\u00eddrom vo v\u00fdvoji a\u00a0v\u00fdrobe automobilov\u00fdch sedadiel, na\u010falej premietame do slu\u017eieb pre na\u0161ich nov\u00fdch obchodn\u00fdch partnerov. Z\u00e1rove\u0148 pon\u00fakame jedine\u010dn\u00fa mo\u017enos\u0165 svojim spolupracovn\u00edkom \u017eivi\u0165 sa poctiv\u00fdm remeslom, v pr\u00edjemnom prostred\u00ed, v rodinnej atmosf\u00e9re, s primeran\u00fdm z\u00e1robkom a korektn\u00fdmi vz\u0165ahmi.<\/p>\n\n\n\n<hr class=\"wp-block-separator has-alpha-channel-opacity is-style-default\"\/>\n\n\n\n<p>Vo\u013en\u00e9 pracovn\u00e9 miesto: kraj\u010d\u00edrka \/ \u0161i\u010dka<\/p>\n\n\n\n<hr class=\"wp-block-separator has-alpha-channel-opacity\"\/>\n\n\n\n<ul class=\"wp-block-list\">\n<li>Kontakt:<\/li>\n<\/ul>\n\n\n\n<p><strong>KRASPLAST AMG, s.r.o.<\/strong><\/p>\n\n\n\n<p>Ml\u00e1de\u017en\u00edcka 285<\/p>\n\n\n\n<p>013 03&nbsp; Kras\u0148any<\/p>\n\n\n\n<p>Mobil: +421&nbsp;903&nbsp;517&nbsp;662<\/p>\n\n\n\n<p>E-mail: frano@krasplastamg.sk<\/p>\n\n\n\n<p><\/p>\n","protected":false},"excerpt":{"rendered":"<p>Sme rodinn\u00e1 firma s trad\u00edciou \u0161itia po\u0165ahov pre automobilov\u00fd priemysel v s\u00e9riovej v\u00fdrobe a\u00a0v\u00fdrobe n\u00e1hradn\u00fdch dielov. Sk\u00fasenosti, z\u00edskan\u00e9 25-ro\u010dnou spolupr\u00e1cou so svetov\u00fdm l\u00eddrom vo v\u00fdvoji a\u00a0v\u00fdrobe automobilov\u00fdch sedadiel, na\u010falej premietame do slu\u017eieb pre na\u0161ich nov\u00fdch obchodn\u00fdch partnerov. Z\u00e1rove\u0148 pon\u00fakame jedine\u010dn\u00fa mo\u017enos\u0165 svojim spolupracovn\u00edkom \u017eivi\u0165 sa poctiv\u00fdm remeslom, v pr\u00edjemnom prostred\u00ed, v rodinnej atmosf\u00e9re, s primeran\u00fdm [&hellip;]<\/p>\n","protected":false},"author":2,"featured_media":0,"parent":0,"menu_order":0,"comment_status":"closed","ping_status":"closed","template":"","meta":{"footnotes":""},"class_list":["post-21","page","type-page","status-publish","hentry"],"_links":{"self":[{"href":"https:\/\/www.krasplastamg.sk\/index.php?rest_route=\/wp\/v2\/pages\/21","targetHints":{"allow":["GET"]}}],"collection":[{"href":"https:\/\/www.krasplastamg.sk\/index.php?rest_route=\/wp\/v2\/pages"}],"about":[{"href":"https:\/\/www.krasplastamg.sk\/index.php?rest_route=\/wp\/v2\/types\/page"}],"author":[{"embeddable":true,"href":"https:\/\/www.krasplastamg.sk\/index.php?rest_route=\/wp\/v2\/users\/2"}],"replies":[{"embeddable":true,"href":"https:\/\/www.krasplastamg.sk\/index.php?rest_route=%2Fwp%2Fv2%2Fcomments&post=21"}],"version-history":[{"count":1,"href":"https:\/\/www.krasplastamg.sk\/index.php?rest_route=\/wp\/v2\/pages\/21\/revisions"}],"predecessor-version":[{"id":25,"href":"https:\/\/www.krasplastamg.sk\/index.php?rest_route=\/wp\/v2\/pages\/21\/revisions\/25"}],"wp:attachment":[{"href":"https:\/\/www.krasplastamg.sk\/index.php?rest_route=%2Fwp%2Fv2%2Fmedia&parent=21"}],"curies":[{"name":"wp","href":"https:\/\/api.w.org\/{rel}","templated":true}]}}